{"id":41,"date":"2023-11-23T15:03:04","date_gmt":"2023-11-23T14:03:04","guid":{"rendered":"https:\/\/nathaliesutour.fr\/?page_id=41"},"modified":"2023-11-24T09:16:38","modified_gmt":"2023-11-24T08:16:38","slug":"accueil","status":"publish","type":"page","link":"https:\/\/nathaliesutour.fr\/","title":{"rendered":"accueil"},"content":{"rendered":"\t\t<div data-elementor-type=\"wp-post\" data-elementor-id=\"41\" class=\"elementor elementor-41\">\n\t\t\t\t<div class=\"elementor-element elementor-element-84ee659 e-flex e-con-boxed e-con e-parent\" data-id=\"84ee659\" data-element_type=\"container\">\n\t\t\t\t\t<div class=\"e-con-inner\">\n\t\t\t\t<div class=\"elementor-element elementor-element-6398f33 elementor-widget elementor-widget-image\" data-id=\"6398f33\" data-element_type=\"widget\" data-widget_type=\"image.default\">\n\t\t\t\t<div class=\"elementor-widget-container\">\n\t\t\t\t\t\t\t\t\t\t\t\t\t\t\t<img fetchpriority=\"high\" decoding=\"async\" width=\"2000\" height=\"200\" src=\"https:\/\/nathaliesutour.fr\/wp-content\/uploads\/2023\/11\/Degrade.jpg\" class=\"attachment-full size-full wp-image-7\" alt=\"\" srcset=\"https:\/\/nathaliesutour.fr\/wp-content\/uploads\/2023\/11\/Degrade.jpg 2000w, https:\/\/nathaliesutour.fr\/wp-content\/uploads\/2023\/11\/Degrade-300x30.jpg 300w, https:\/\/nathaliesutour.fr\/wp-content\/uploads\/2023\/11\/Degrade-1024x102.jpg 1024w, https:\/\/nathaliesutour.fr\/wp-content\/uploads\/2023\/11\/Degrade-768x77.jpg 768w, https:\/\/nathaliesutour.fr\/wp-content\/uploads\/2023\/11\/Degrade-1536x154.jpg 1536w\" sizes=\"(max-width: 2000px) 100vw, 2000px\" \/>\t\t\t\t\t\t\t\t\t\t\t\t\t\t\t<\/div>\n\t\t\t\t<\/div>\n\t\t\t\t\t<\/div>\n\t\t\t\t<\/div>\n\t\t<div class=\"elementor-element elementor-element-43fc8d2 e-flex e-con-boxed e-con e-parent\" data-id=\"43fc8d2\" data-element_type=\"container\">\n\t\t\t\t\t<div class=\"e-con-inner\">\n\t\t\t\t<div class=\"elementor-element elementor-element-89b63ea elementor-widget elementor-widget-heading\" data-id=\"89b63ea\" data-element_type=\"widget\" data-widget_type=\"heading.default\">\n\t\t\t\t<div class=\"elementor-widget-container\">\n\t\t\t\t\t<h2 class=\"elementor-heading-title elementor-size-default\"><b>Nathalie Sutour<\/b><br>Conseill\u00e8re d\u2019orientation-Psychologue DE<\/h2>\t\t\t\t<\/div>\n\t\t\t\t<\/div>\n\t\t\t\t<div class=\"elementor-element elementor-element-de908ce elementor-widget elementor-widget-spacer\" data-id=\"de908ce\" data-element_type=\"widget\" data-widget_type=\"spacer.default\">\n\t\t\t\t<div class=\"elementor-widget-container\">\n\t\t\t\t\t\t\t<div class=\"elementor-spacer\">\n\t\t\t<div class=\"elementor-spacer-inner\"><\/div>\n\t\t<\/div>\n\t\t\t\t\t\t<\/div>\n\t\t\t\t<\/div>\n\t\t\t\t\t<\/div>\n\t\t\t\t<\/div>\n\t\t<div class=\"elementor-element elementor-element-6d220a6 e-flex e-con-boxed e-con e-parent\" data-id=\"6d220a6\" data-element_type=\"container\">\n\t\t\t\t\t<div class=\"e-con-inner\">\n\t\t\t\t<div class=\"elementor-element elementor-element-c95a165 elementor-widget elementor-widget-text-editor\" data-id=\"c95a165\" data-element_type=\"widget\" data-widget_type=\"text-editor.default\">\n\t\t\t\t<div class=\"elementor-widget-container\">\n\t\t\t\t\t\t\t\t\t<hr style=\"caret-color: rgb(122, 122, 122); color: rgb(122, 122, 122); font-family: Roboto, sans-serif; font-size: 16px; font-style: normal; letter-spacing: normal;\"><p><span><\/span><\/p><p style=\"caret-color: rgb(122, 122, 122); color: rgb(122, 122, 122); font-family: Roboto, sans-serif; font-size: 16px; font-style: normal; letter-spacing: normal;\"><span style=\"color: rgb(0, 0, 0); font-family: Georgia, sans-serif; font-size: 20px; font-style: italic; letter-spacing: 0.2px; text-align: var(--text-align);\">Depuis plus de 20 ans, j<\/span><span style=\"color: rgb(0, 0, 0); font-family: Georgia, sans-serif; font-size: 20px; font-style: italic; letter-spacing: 0.2px; text-align: var(--text-align);\">\u2019accompagne les jeunes<\/span><span style=\"color: rgb(0, 0, 0); font-family: Georgia, sans-serif; font-size: 20px; font-style: italic; letter-spacing: 0.2px; text-align: var(--text-align);\"> et <\/span><span style=\"color: rgb(0, 0, 0); font-family: Georgia, sans-serif; font-size: 20px; font-style: italic; letter-spacing: 0.2px; text-align: var(--text-align);\">leurs<\/span><span style=\"color: rgb(0, 0, 0); font-family: Georgia, sans-serif; font-size: 20px; font-style: italic; letter-spacing: 0.2px; text-align: var(--text-align);\"> parents dans la formulation et la concr\u00e9tisation du parcours d\u2019\u00e9tudes de la 3<\/span><span style=\"color: rgb(0, 0, 0); font-family: Georgia, sans-serif; font-size: 20px; font-style: italic; letter-spacing: 0.2px; text-align: var(--text-align);\">\u00e8me<\/span><span style=\"color: rgb(0, 0, 0); font-family: Georgia, sans-serif; font-size: 20px; font-style: italic; letter-spacing: 0.2px; text-align: var(--text-align);\"> \u00e0 l\u2019enseignement sup\u00e9rieur.<\/span><br><\/p>\n<p><span>J\u2019ai acquis une expertise dans la connaissance des diff\u00e9rentes fili\u00e8res <\/span><span>et d<\/span><span>es proc\u00e9dures d\u2019affectation (<\/span><span>affelnet<\/span><span>, <\/span><span>parcoursup<\/span><span>)<\/span><span>.<\/span><\/p>\t\t\t\t\t\t\t\t<\/div>\n\t\t\t\t<\/div>\n\t\t\t\t<div class=\"elementor-element elementor-element-2d5bbde elementor-widget elementor-widget-spacer\" data-id=\"2d5bbde\" data-element_type=\"widget\" data-widget_type=\"spacer.default\">\n\t\t\t\t<div class=\"elementor-widget-container\">\n\t\t\t\t\t\t\t<div class=\"elementor-spacer\">\n\t\t\t<div class=\"elementor-spacer-inner\"><\/div>\n\t\t<\/div>\n\t\t\t\t\t\t<\/div>\n\t\t\t\t<\/div>\n\t\t\t\t\t<\/div>\n\t\t\t\t<\/div>\n\t\t<div class=\"elementor-element elementor-element-72d1e53 e-flex e-con-boxed e-con e-parent\" data-id=\"72d1e53\" data-element_type=\"container\">\n\t\t\t\t\t<div class=\"e-con-inner\">\n\t\t<div class=\"elementor-element elementor-element-10eb9d2 e-con-full e-flex e-con e-child\" data-id=\"10eb9d2\" data-element_type=\"container\">\n\t\t\t\t<div class=\"elementor-element elementor-element-4dc5509 elementor-widget elementor-widget-text-editor\" data-id=\"4dc5509\" data-element_type=\"widget\" data-widget_type=\"text-editor.default\">\n\t\t\t\t<div class=\"elementor-widget-container\">\n\t\t\t\t\t\t\t\t\t<hr \/><h5 style=\"font-family: Georgia, sans-serif; color: #7a7a7a;\"><span style=\"color: #ff4600;\"><b>Jeunes<\/b><\/span><\/h5><p class=\"s3\" style=\"font-family: Georgia, sans-serif;\"><strong><span class=\"s2\" style=\"color: #000000;\">Vous vous questionnez sur votre orientation\u00a0?\u00a0<\/span><\/strong><\/p><p class=\"s3\" style=\"font-family: Georgia, sans-serif;\"><span style=\"color: #808080;\"><span class=\"s2\">Je propose\u00a0<\/span><span class=\"s2\">des consultations \u00e0 domicile pour<\/span><span class=\"s2\">\u00a0vous conseiller,<\/span><span class=\"s2\">\u00a0vous guider\u00a0<\/span><span class=\"s2\">et vous accompagner\u00a0<\/span><span class=\"s2\">dans la construction de votre parcours d\u2019\u00e9tudes<\/span><\/span><\/p><p class=\"s3\" style=\"font-family: Georgia, sans-serif;\"><span style=\"color: #808080;\"><span class=\"s2\">\u2022 En vous faisant d\u00e9couvrir les diff\u00e9rentes fili\u00e8res d\u2019\u00e9tudes (les voies d\u2019orientation apr\u00e8s la 3<\/span><span class=\"s4\">\u00e8me<\/span><span class=\"s2\">, les diff\u00e9rents bacs au lyc\u00e9e, les \u00e9tudes sup\u00e9rieures)<\/span><\/span><\/p><p class=\"s3\" style=\"font-family: Georgia, sans-serif;\"><span class=\"s2\" style=\"color: #808080;\">\u2022 En vous accompagnant dans les proc\u00e9dures d\u2019affectation :\u00a0<br \/><\/span><span style=\"color: #808080;\"><span class=\"s2\">&#8211;\u00a0<\/span><span class=\"s2\">aide au choix des \u00e9tablissements<\/span><span class=\"s2\">\u00a0dans la cadre de la proc\u00e9dure\u00a0<\/span><span class=\"s2\">affelnet<br \/><\/span><\/span><span style=\"color: #808080;\"><span class=\"s2\">&#8211;\u00a0<\/span><span class=\"s2\">aide \u00e0 la proc\u00e9dure\u00a0<\/span><span class=\"s2\">Parcoursup<\/span><span class=\"s2\">\u00a0: ouverture de l\u2019espace personnel, formulation des candidatures, lettres de motivation, r\u00e9ponses aux propositions d\u2019admission<\/span><\/span><\/p>\t\t\t\t\t\t\t\t<\/div>\n\t\t\t\t<\/div>\n\t\t\t\t<\/div>\n\t\t<div class=\"elementor-element elementor-element-ba1d80b e-con-full e-flex e-con e-child\" data-id=\"ba1d80b\" data-element_type=\"container\">\n\t\t\t\t<div class=\"elementor-element elementor-element-840c94b elementor-widget elementor-widget-text-editor\" data-id=\"840c94b\" data-element_type=\"widget\" data-widget_type=\"text-editor.default\">\n\t\t\t\t<div class=\"elementor-widget-container\">\n\t\t\t\t\t\t\t\t\t<hr \/><h5 class=\"s3\" style=\"font-family: Georgia, sans-serif; color: #7a7a7a;\"><span style=\"color: #ff0000;\"><span class=\"s5\" style=\"color: #ff4600;\"><b>Parents<\/b><\/span><span class=\"s2\">\u00a0<\/span><\/span><\/h5><p class=\"s3\" style=\"font-family: Georgia, sans-serif;\"><strong><span class=\"s2\" style=\"color: #000000;\">Vous \u00eates d\u00e9sempar\u00e9 devant la multiplicit\u00e9 des fili\u00e8res, la complexit\u00e9 des proc\u00e9dures, l\u2019ind\u00e9cision de votre enfant quant \u00e0 son orientation\u00a0?<\/span><\/strong><\/p><p class=\"s3\" style=\"font-family: Georgia, sans-serif;\"><span class=\"s2\" style=\"color: #808080;\">Je propose des consultations \u00e0 domicile pour vous informer, vous conseiller et votre enfant et vous aider \u00e0 l\u2019accompagner dans la construction de son parcours d\u2019\u00e9tudes<\/span><\/p><p style=\"font-family: Georgia, sans-serif;\"><span class=\"s2\" style=\"color: #808080;\">\u2022 En vous indiquant des d\u00e9marches concr\u00e8tes pour se familiariser avec les diff\u00e9rentes \u00e9tudes<\/span><\/p><p class=\"s3\" style=\"font-family: Georgia, sans-serif;\"><span class=\"s2\" style=\"color: #808080;\">\u2022 En vous accompagnant dans les proc\u00e9dures d\u2019affectation :\u00a0<br \/><\/span><span style=\"color: #808080;\"><span class=\"s2\">&#8211;\u00a0<\/span><span class=\"s2\">aide au choix des \u00e9tablissements dans la cadre de la proc\u00e9dure\u00a0<\/span><span class=\"s2\">affelnet<br \/><\/span><\/span><span style=\"color: #808080;\"><span class=\"s2\">&#8211;\u00a0<\/span><span class=\"s2\">aide \u00e0 la proc\u00e9dure\u00a0<\/span><span class=\"s2\">Parcoursup<\/span><span class=\"s2\">\u00a0: ouverture de l\u2019espace personnel, formulation des candidatures, lettres de motivation, r\u00e9ponses aux propositions d\u2019admission<\/span><\/span><\/p>\t\t\t\t\t\t\t\t<\/div>\n\t\t\t\t<\/div>\n\t\t\t\t<\/div>\n\t\t<div class=\"elementor-element elementor-element-a868922 e-con-full e-flex e-con e-child\" data-id=\"a868922\" data-element_type=\"container\">\n\t\t\t\t<div class=\"elementor-element elementor-element-473df7d elementor-widget elementor-widget-text-editor\" data-id=\"473df7d\" data-element_type=\"widget\" data-widget_type=\"text-editor.default\">\n\t\t\t\t<div class=\"elementor-widget-container\">\n\t\t\t\t\t\t\t\t\t<hr \/><h5 class=\"s3\" style=\"font-family: Georgia, sans-serif; color: #7a7a7a;\"><span style=\"color: #ff4600;\"><b><span class=\"s5\">Professionnels<\/span><span class=\"s2\">\u00a0au service des jeunes<\/span><span class=\"s2\">\u00a0et des parents<\/span><\/b><span class=\"s2\">\u00a0<\/span><\/span><\/h5><p class=\"s3\" style=\"font-family: Georgia, sans-serif;\"><strong><span style=\"color: #000000;\"><span class=\"s2\">Vous voulez actualiser vos\u00a0<\/span><span class=\"s2\">connaissances<\/span><span class=\"s2\">\u00a0sur les fili\u00e8res d\u2019\u00e9tudes<\/span><span class=\"s2\">\u00a0du lyc\u00e9e \u00e0 l\u2019enseignement sup\u00e9rieur<\/span><span class=\"s2\">, les proc\u00e9dures pour demander et obtenir une\u00a0<\/span><span class=\"s2\">affectation pour mieux accompagner les jeunes<\/span><span class=\"s2\">\u00a0?\u00a0<\/span><\/span><\/strong><\/p><p class=\"s3\" style=\"font-family: Georgia, sans-serif;\"><span style=\"color: #808080;\"><span class=\"s2\">J\u2019anime des formations sur diff\u00e9rents th\u00e8mes, \u00e0 d\u00e9finir ensemble dans le domaine de l\u2019orientation et de l\u2019accompagnement \u00e0 la scolarit\u00e9<\/span><span class=\"s2\">. Quelques exemples :<br \/><\/span><\/span><span class=\"s2\" style=\"color: #808080;\">&#8211;\u00a0<\/span><span class=\"s2\" style=\"color: #808080;\">L&rsquo;orientation et les fili\u00e8res d\u2019\u00e9tudes apr\u00e8s la 3\u00e8me<\/span><span class=\"s5\" style=\"color: #808080;\">\u00a0<\/span><span class=\"s2\" style=\"color: #808080;\">: de quoi parle-t-on<\/span><span class=\"s2\" style=\"color: #808080;\">\u00a0? Quelles fili\u00e8res au lyc\u00e9e\u00a0?\u00a0<\/span><span class=\"s2\" style=\"color: #808080;\">Q<\/span><span class=\"s7\" style=\"color: #808080;\">uelles ressources pour y r\u00e9fl\u00e9chir ?\u00a0<\/span><span class=\"s2\" style=\"color: #808080;\">Quels interl<\/span><span class=\"s2\" style=\"color: #808080;\">ocuteurs au coll\u00e8ge ? Le r\u00f4le des<\/span><span class=\"s2\" style=\"color: #808080;\">\u00a0parents dans l\u2019orientation. Q<\/span><span class=\"s7\" style=\"color: #808080;\">uelques dates rep\u00e8res<br \/><\/span><span style=\"color: #808080;\"><span class=\"s2\">&#8211;\u00a0<\/span><span class=\"s2\">Les bacs apr\u00e8s la 2de g\u00e9n\u00e9rale et technologique<\/span><span class=\"s5\">\u00a0:<\/span>\u00a0<span class=\"s2\">mieux les connaitr<\/span><span class=\"s2\">e pour r\u00e9ussir son orientation<\/span><span class=\"s2\">, quels choix \u00e0 quel moment ?<br \/><\/span><\/span><span style=\"color: #808080;\"><span class=\"s2\">&#8211;\u00a0<\/span><span class=\"s2\">La nouvelle organisation des \u00e9tudes au lyc\u00e9e<\/span><span class=\"s2\">\u00a0<\/span><span class=\"s2\">g\u00e9n\u00e9ral et technologique\u00a0<\/span><span class=\"s2\">: bac g\u00e9n\u00e9ral, bacs technologiques r\u00e9nov\u00e9s, nouvelles modalit\u00e9s d&rsquo;obtention du baccalaur\u00e9at<br \/><\/span><\/span><span style=\"color: #808080;\"><span class=\"s5\">&#8211;\u00a0<\/span><span class=\"s2\">L\u2019orientation apr\u00e8s la terminale<\/span><span class=\"s2\">\u00a0: les grandes fili\u00e8res de l\u2019enseignement sup\u00e9rieur, quelques dates importantes<br \/><\/span><\/span><span style=\"color: #808080;\"><span class=\"s2\">&#8211; La proc\u00e9dure\u00a0<\/span><span class=\"s2\">parcoursup<\/span><span class=\"s2\">\u00a02024 : pr\u00e9sentation d\u00e9taill\u00e9e de la proc\u00e9dure, accompagnement depuis l&rsquo;ouverture de l&rsquo;espace candidat jusqu&rsquo;\u00e0 la p\u00e9riode des r\u00e9ponses au propositions<br \/><\/span><\/span><span style=\"color: #808080;\"><span class=\"s2\">&#8211;\u00a0<\/span><span class=\"s2\">Le d\u00e9crochage scolaire<\/span><\/span><\/p><p class=\"s9\" style=\"font-family: Georgia, sans-serif;\"><span style=\"color: #808080;\"><span class=\"s2\">J\u2019anime\u00a0<\/span><span class=\"s2\">aussi\u00a0<\/span><span class=\"s2\">des conf\u00e9rences<\/span>&#8211;<span class=\"s2\">caf\u00e9 des parents sur ces th\u00e8mes et d\u2019autres \u00e0 d\u00e9finir ensemble\u00a0<\/span><span class=\"s2\">pour aider les parents \u00e0 s\u2019impliquer dans le su<\/span><span class=\"s2\">i<\/span><span class=\"s2\">vi de la scolarit\u00e9 de leurs enfants<\/span><\/span><\/p>\t\t\t\t\t\t\t\t<\/div>\n\t\t\t\t<\/div>\n\t\t\t\t<\/div>\n\t\t\t\t\t<\/div>\n\t\t\t\t<\/div>\n\t\t<div class=\"elementor-element elementor-element-a10e7a3 e-flex e-con-boxed e-con e-parent\" data-id=\"a10e7a3\" data-element_type=\"container\">\n\t\t\t\t\t<div class=\"e-con-inner\">\n\t\t\t\t<div class=\"elementor-element elementor-element-8304c3f elementor-widget elementor-widget-text-editor\" data-id=\"8304c3f\" data-element_type=\"widget\" data-widget_type=\"text-editor.default\">\n\t\t\t\t<div class=\"elementor-widget-container\">\n\t\t\t\t\t\t\t\t\t<hr \/><p><span style=\"color: #ffffff;\">&#8211;<\/span><\/p>\t\t\t\t\t\t\t\t<\/div>\n\t\t\t\t<\/div>\n\t\t\t\t\t<\/div>\n\t\t\t\t<\/div>\n\t\t<div class=\"elementor-element elementor-element-521e465 e-flex e-con-boxed e-con e-parent\" data-id=\"521e465\" data-element_type=\"container\">\n\t\t\t\t\t<div class=\"e-con-inner\">\n\t\t<div class=\"elementor-element elementor-element-663e3ea e-con-full e-flex e-con e-child\" data-id=\"663e3ea\" data-element_type=\"container\">\n\t\t\t\t<div class=\"elementor-element elementor-element-9f05b18 elementor-widget elementor-widget-image\" data-id=\"9f05b18\" data-element_type=\"widget\" data-settings=\"{&quot;_animation&quot;:&quot;none&quot;}\" data-widget_type=\"image.default\">\n\t\t\t\t<div class=\"elementor-widget-container\">\n\t\t\t\t\t\t\t\t\t\t\t\t\t\t\t\t<a href=\"http:\/\/nathaliesutour.fr\/wp-content\/uploads\/2023\/11\/20231003_170626-2-1.jpg\" data-elementor-open-lightbox=\"yes\" data-elementor-lightbox-title=\"Nathalie Sutour\" data-e-action-hash=\"#elementor-action%3Aaction%3Dlightbox%26settings%3DeyJpZCI6ODUsInVybCI6Imh0dHBzOlwvXC9uYXRoYWxpZXN1dG91ci5mclwvd3AtY29udGVudFwvdXBsb2Fkc1wvMjAyM1wvMTFcLzIwMjMxMDAzXzE3MDYyNi0yLTEuanBnIn0%3D\">\n\t\t\t\t\t\t\t<img decoding=\"async\" width=\"150\" height=\"150\" src=\"https:\/\/nathaliesutour.fr\/wp-content\/uploads\/2023\/11\/20231003_170626-2-1-150x150.jpg\" class=\"attachment-thumbnail size-thumbnail wp-image-85\" alt=\"\" srcset=\"https:\/\/nathaliesutour.fr\/wp-content\/uploads\/2023\/11\/20231003_170626-2-1-150x150.jpg 150w, https:\/\/nathaliesutour.fr\/wp-content\/uploads\/2023\/11\/20231003_170626-2-1-300x300.jpg 300w, https:\/\/nathaliesutour.fr\/wp-content\/uploads\/2023\/11\/20231003_170626-2-1-768x768.jpg 768w, https:\/\/nathaliesutour.fr\/wp-content\/uploads\/2023\/11\/20231003_170626-2-1.jpg 900w\" sizes=\"(max-width: 150px) 100vw, 150px\" \/>\t\t\t\t\t\t\t\t<\/a>\n\t\t\t\t\t\t\t\t\t\t\t\t\t\t\t<\/div>\n\t\t\t\t<\/div>\n\t\t\t\t<\/div>\n\t\t<div class=\"elementor-element elementor-element-5c27135 e-con-full e-flex e-con e-child\" data-id=\"5c27135\" data-element_type=\"container\">\n\t\t\t\t<div class=\"elementor-element elementor-element-d4591d4 elementor-widget elementor-widget-text-editor\" data-id=\"d4591d4\" data-element_type=\"widget\" data-widget_type=\"text-editor.default\">\n\t\t\t\t<div class=\"elementor-widget-container\">\n\t\t\t\t\t\t\t\t\t<p>\u00a0<\/p><p style=\"font-family: Georgia, sans-serif; font-size: 18px;\"><span style=\"color: #000000;\"><b>Nathalie Sutour<\/b><\/span><\/p><p style=\"font-family: Georgia, sans-serif; font-size: 18px;\"><span style=\"color: #000000;\">06 33 38 30 31<\/span><\/p><p style=\"font-family: Georgia, sans-serif; font-size: 18px;\"><span style=\"color: #000000;\"><span style=\"text-decoration: underline;\"><a style=\"text-decoration: underline; color: #000000;\" href=\"mailto:nathalie.sutour@yahoo.fr\">nathalie.sutour@yahoo.fr<\/a><\/span>\u00a0<\/span><\/p><p>\u00a0<\/p><p style=\"font-family: Georgia, sans-serif; font-size: 18px;\"><span style=\"color: #808080;\"><a style=\"color: #808080;\" href=\"https:\/\/fr.linkedin.com\/in\/nathalie-sutour-587618161\" target=\"_blank\" rel=\"noopener\">&gt; Linkedin<\/a><\/span><\/p>\t\t\t\t\t\t\t\t<\/div>\n\t\t\t\t<\/div>\n\t\t\t\t<\/div>\n\t\t\t\t\t<\/div>\n\t\t\t\t<\/div>\n\t\t<div class=\"elementor-element elementor-element-30a19f3 e-flex e-con-boxed e-con e-parent\" data-id=\"30a19f3\" data-element_type=\"container\">\n\t\t\t\t\t<div class=\"e-con-inner\">\n\t\t\t\t<div class=\"elementor-element elementor-element-6996edf elementor-widget elementor-widget-spacer\" data-id=\"6996edf\" data-element_type=\"widget\" data-widget_type=\"spacer.default\">\n\t\t\t\t<div class=\"elementor-widget-container\">\n\t\t\t\t\t\t\t<div class=\"elementor-spacer\">\n\t\t\t<div class=\"elementor-spacer-inner\"><\/div>\n\t\t<\/div>\n\t\t\t\t\t\t<\/div>\n\t\t\t\t<\/div>\n\t\t\t\t\t<\/div>\n\t\t\t\t<\/div>\n\t\t<div class=\"elementor-element elementor-element-2a43918 e-flex e-con-boxed e-con e-parent\" data-id=\"2a43918\" data-element_type=\"container\">\n\t\t\t\t\t<div class=\"e-con-inner\">\n\t\t\t\t<div class=\"elementor-element elementor-element-f52b85a elementor-widget elementor-widget-text-editor\" data-id=\"f52b85a\" data-element_type=\"widget\" data-widget_type=\"text-editor.default\">\n\t\t\t\t<div class=\"elementor-widget-container\">\n\t\t\t\t\t\t\t\t\t<hr \/><p><span style=\"color: #ffffff;\">&#8211;<\/span><\/p>\t\t\t\t\t\t\t\t<\/div>\n\t\t\t\t<\/div>\n\t\t\t\t\t<\/div>\n\t\t\t\t<\/div>\n\t\t\t\t<\/div>\n\t\t","protected":false},"excerpt":{"rendered":"<p>Nathalie SutourConseill\u00e8re d\u2019orientation-Psychologue DE Depuis plus de 20 ans, j\u2019accompagne les jeunes et leurs parents dans la formulation et la concr\u00e9tisation du parcours d\u2019\u00e9tudes de la 3\u00e8me \u00e0 l\u2019enseignement sup\u00e9rieur. J\u2019ai acquis une expertise dans la connaissance des diff\u00e9rentes fili\u00e8res et des proc\u00e9dures d\u2019affectation (affelnet, parcoursup). Jeunes Vous vous questionnez sur votre orientation\u00a0?\u00a0 Je propose\u00a0des [&hellip;]<\/p>\n","protected":false},"author":1,"featured_media":0,"parent":0,"menu_order":0,"comment_status":"closed","ping_status":"closed","template":"","meta":{"footnotes":""},"class_list":["post-41","page","type-page","status-publish","hentry"],"_links":{"self":[{"href":"https:\/\/nathaliesutour.fr\/index.php\/wp-json\/wp\/v2\/pages\/41","targetHints":{"allow":["GET"]}}],"collection":[{"href":"https:\/\/nathaliesutour.fr\/index.php\/wp-json\/wp\/v2\/pages"}],"about":[{"href":"https:\/\/nathaliesutour.fr\/index.php\/wp-json\/wp\/v2\/types\/page"}],"author":[{"embeddable":true,"href":"https:\/\/nathaliesutour.fr\/index.php\/wp-json\/wp\/v2\/users\/1"}],"replies":[{"embeddable":true,"href":"https:\/\/nathaliesutour.fr\/index.php\/wp-json\/wp\/v2\/comments?post=41"}],"version-history":[{"count":92,"href":"https:\/\/nathaliesutour.fr\/index.php\/wp-json\/wp\/v2\/pages\/41\/revisions"}],"predecessor-version":[{"id":168,"href":"https:\/\/nathaliesutour.fr\/index.php\/wp-json\/wp\/v2\/pages\/41\/revisions\/168"}],"wp:attachment":[{"href":"https:\/\/nathaliesutour.fr\/index.php\/wp-json\/wp\/v2\/media?parent=41"}],"curies":[{"name":"wp","href":"https:\/\/api.w.org\/{rel}","templated":true}]}}